{"id":286,"date":"2020-09-01T19:55:32","date_gmt":"2020-09-01T17:55:32","guid":{"rendered":"https:\/\/lkg-klaffenbach.de\/?page_id=286"},"modified":"2020-09-11T12:57:49","modified_gmt":"2020-09-11T10:57:49","slug":"leitbild-der-landeskirchlichen-gemeinschaft-klaffenbach","status":"publish","type":"page","link":"https:\/\/lkg-klaffenbach.de\/?page_id=286","title":{"rendered":"Unser Leitbild"},"content":{"rendered":"\n<div class=\"wp-block-group leitbild\"><div class=\"wp-block-group__inner-container is-layout-flow wp-block-group-is-layout-flow\">\n<p class=\"has-drop-cap\"><strong><em>Wir sind<\/em><\/strong> eine Gemeinschaft normaler, ganz unterschiedlich gepr\u00e4gter Menschen. Als Christen verstehen wir uns als Gesch\u00f6pfe und Kinder Gottes und damit als Teil der weltweiten Familie Gottes. Diese Identit\u00e4t entsteht f\u00fcr uns aus Gottes Wort, der Bibel. Keiner von uns ist perfekt, wir wissen uns aber dennoch von Gott angenommen und geliebt. Woher wissen wir das? Gott m\u00f6chte Gemeinschaft mit seinen Gesch\u00f6pfen, das bezeugt die Bibel immer wieder. Deshalb lie\u00df er es zu, dass sein Sohn Jesus als Mensch auf die Erde kam und f\u00fcr die Fehler aller Menschen durch seinen Tod am Kreuz geradestand. Wer das f\u00fcr sich annimmt, kann trotz all seiner Unvollkommenheit Beziehung mit Gott haben. Dass er ein derart gro\u00dfes Opfer f\u00fcr uns brachte, ist f\u00fcr uns ein Zeichen seiner Liebe und seines gn\u00e4digen Wesens. Es ist uns ein Anliegen, unseren Alltag mit der Bibel als Richtschnur und aus ihren Wahrheiten zu leben. Gott als unser Vater ist f\u00fcr uns immer durch Gebet ansprechbar.<\/p>\n\n\n\n<p class=\"has-drop-cap\"><strong><em>Es ist uns wichtig<\/em><\/strong>, eine authentische Gemeinschaft von Menschen zu sein, die sich in einer Atmosph\u00e4re gegenseitiger Annahme trifft. Wir wollen als christliche Gemeinde in unserem Alltag f\u00fcreinander da sein und f\u00fcreinander beten. Die Bibel beruft uns zu einem freundlichen Lebensstil unseren Mitmenschen gegen\u00fcber. Deshalb versuchen wir, in unseren Treffen eine offene und einladende Atmosph\u00e4re zu schaffen. Musik in ihren unterschiedlichen Facetten spielt f\u00fcr uns dabei eine besondere Rolle als Mittel zum Lob Gottes. Interessierte Menschen sind uns jederzeit herzlich willkommen. Die Menschen au\u00dferhalb unserer Gemeinschaft sind uns nicht egal. Wir m\u00f6chten auch ihre N\u00f6te erkennen und darauf reagieren, um damit Gottes Liebe zu zeigen.<\/p>\n<\/div><\/div>\n","protected":false},"excerpt":{"rendered":"<p>Wir sind eine Gemeinschaft normaler, ganz unterschiedlich gepr\u00e4gter Menschen. Als Christen verstehen wir uns als Gesch\u00f6pfe und Kinder Gottes und damit als Teil der weltweiten Familie Gottes. Diese Identit\u00e4t entsteht f\u00fcr uns aus Gottes Wort, der Bibel. Keiner von uns ist perfekt, wir wissen uns aber dennoch von Gott angenommen und geliebt. Woher wissen wir &hellip; <\/p>\n<p class=\"link-more\"><a href=\"https:\/\/lkg-klaffenbach.de\/?page_id=286\" class=\"more-link\"><span class=\"screen-reader-text\">\u201eUnser Leitbild\u201c<\/span> weiterlesen<\/a><\/p>\n","protected":false},"author":1,"featured_media":0,"parent":0,"menu_order":0,"comment_status":"closed","ping_status":"closed","template":"","meta":{"footnotes":""},"acf":[],"_links":{"self":[{"href":"https:\/\/lkg-klaffenbach.de\/index.php?rest_route=\/wp\/v2\/pages\/286"}],"collection":[{"href":"https:\/\/lkg-klaffenbach.de\/index.php?rest_route=\/wp\/v2\/pages"}],"about":[{"href":"https:\/\/lkg-klaffenbach.de\/index.php?rest_route=\/wp\/v2\/types\/page"}],"author":[{"embeddable":true,"href":"https:\/\/lkg-klaffenbach.de\/index.php?rest_route=\/wp\/v2\/users\/1"}],"replies":[{"embeddable":true,"href":"https:\/\/lkg-klaffenbach.de\/index.php?rest_route=%2Fwp%2Fv2%2Fcomments&post=286"}],"version-history":[{"count":14,"href":"https:\/\/lkg-klaffenbach.de\/index.php?rest_route=\/wp\/v2\/pages\/286\/revisions"}],"predecessor-version":[{"id":442,"href":"https:\/\/lkg-klaffenbach.de\/index.php?rest_route=\/wp\/v2\/pages\/286\/revisions\/442"}],"wp:attachment":[{"href":"https:\/\/lkg-klaffenbach.de\/index.php?rest_route=%2Fwp%2Fv2%2Fmedia&parent=286"}],"curies":[{"name":"wp","href":"https:\/\/api.w.org\/{rel}","templated":true}]}}