{"id":18,"date":"2017-02-15T17:53:33","date_gmt":"2017-02-15T16:53:33","guid":{"rendered":"http:\/\/lkg-klaffenbach.de\/?page_id=18"},"modified":"2023-03-27T20:14:42","modified_gmt":"2023-03-27T18:14:42","slug":"unsere-gemeinde","status":"publish","type":"page","link":"https:\/\/lkg-klaffenbach.de\/?page_id=18","title":{"rendered":"Unsere Gemeinde"},"content":{"rendered":"<p><img decoding=\"async\" loading=\"lazy\" class=\"alignnone  wp-image-499\" src=\"https:\/\/lkg-klaffenbach.de\/wp-content\/uploads\/2022\/07\/lkg-haus1-scaled.jpg\" alt=\"\" width=\"416\" height=\"624\" srcset=\"https:\/\/lkg-klaffenbach.de\/wp-content\/uploads\/2022\/07\/lkg-haus1-scaled.jpg 1707w, https:\/\/lkg-klaffenbach.de\/wp-content\/uploads\/2022\/07\/lkg-haus1-200x300.jpg 200w, https:\/\/lkg-klaffenbach.de\/wp-content\/uploads\/2022\/07\/lkg-haus1-683x1024.jpg 683w, https:\/\/lkg-klaffenbach.de\/wp-content\/uploads\/2022\/07\/lkg-haus1-768x1152.jpg 768w, https:\/\/lkg-klaffenbach.de\/wp-content\/uploads\/2022\/07\/lkg-haus1-1024x1536.jpg 1024w, https:\/\/lkg-klaffenbach.de\/wp-content\/uploads\/2022\/07\/lkg-haus1-1365x2048.jpg 1365w\" sizes=\"(max-width: 416px) 100vw, 416px\" \/><\/p>\n<h2>Adresse<\/h2>\n<p>Landerskirchliche Gemeinschaft e. V. Klaffenbach<br \/>\nKlaffenbacher Hauptra\u00dfe 89<br \/>\n09123 Chemnitz<\/p>\n<h2>Unsere Gemeinde<\/h2>\n<p>Unsere landeskirchliche Gemeinschaft liegt in der Mitte Klaffenbachs auf einem H\u00fcgel. Fast jeden Sonntag findet dort unsere Gemeinschaftsstunde statt aber auch die EC-Jugend hat dort ihr Zuhause. Jede Woche kommen ungef\u00e4hr 30 Leute in unsere Gemeinschaft. H\u00e4ufig h\u00e4lt uns ein angereister Prediger die Stunde, au\u00dferdem beten und singen wir gemeinsam. Wir unterst\u00fctzen uns im Glauben und halten uns gegenseitig, doch ohne Jesus w\u00fcrden wir zerbrechen. Wir wollen Kraft sammeln, Kraft im Glauben und Kraft f\u00fcr das Leben. Das alles k\u00f6nnten wir nicht ohne den HERRN tun. \u201eIch bin der Weinstock, ihr seid die Reben. Wer in mir bleibt und ich in ihm, der bringt viel Frucht; denn ohne mich k\u00f6nnt ihr nichts tun.\u201d So liegt auch viel Segen auf unserer Gemeinde, vieles was wir anpacken gelingt, wenn wir nur auf den HERRN hoffen der uns h\u00e4lt und tr\u00e4gt! So schenkt er uns auch viele gelungene Gemeinschaftsstunden nach denen sich oft noch Zeit f\u00fcr ein gutes Gespr\u00e4ch findet. Manchmal gibt es sogar einen kleinen Imbiss den ein paar eifrige Leute zubereitet haben.<\/p>\n<p>Es finden auch regelm\u00e4\u00dfig Feiern und Feste statt, \u00f6fters auch mit der <a href=\"http:\/\/www.kirche-klaffenbach.blogspot.de\/\">Kirche<\/a>. Wir feiern zum Beispiel jedes Jahr ein Geimeindefest und eine Weihnachtsfeier. In unregem\u00e4\u00dfigen Abst\u00e4nden finden wir uns auch zu einem Gemeindeausflug zusammen.<\/p>\n<h3><a name=\"bilder\"><\/a>Die R\u00e4ume<\/h3>\n<p>Der Saal &#8211; Hier finden alle Stunden staat.<\/p>\n<p><img decoding=\"async\" loading=\"lazy\" class=\"alignnone size-full wp-image-22\" src=\"http:\/\/lkg-klaffenbach.de\/wp-content\/uploads\/2017\/02\/saal1.jpg\" alt=\"\" width=\"640\" height=\"480\" srcset=\"https:\/\/lkg-klaffenbach.de\/wp-content\/uploads\/2017\/02\/saal1.jpg 640w, https:\/\/lkg-klaffenbach.de\/wp-content\/uploads\/2017\/02\/saal1-300x225.jpg 300w\" sizes=\"(max-width: 640px) 100vw, 640px\" \/><\/p>\n<p><img decoding=\"async\" loading=\"lazy\" class=\"alignnone size-full wp-image-25\" src=\"http:\/\/lkg-klaffenbach.de\/wp-content\/uploads\/2017\/02\/saal2.jpg\" alt=\"\" width=\"640\" height=\"480\" srcset=\"https:\/\/lkg-klaffenbach.de\/wp-content\/uploads\/2017\/02\/saal2.jpg 640w, https:\/\/lkg-klaffenbach.de\/wp-content\/uploads\/2017\/02\/saal2-300x225.jpg 300w\" sizes=\"(max-width: 640px) 100vw, 640px\" \/><\/p>\n<p>Der Vorsaal &#8211; hier finden Bibelstunden und gr\u00f6\u00dfere Jugendstunden statt<\/p>\n<p><a href=\"http:\/\/lkg-klaffenbach.de\/wp-content\/uploads\/2017\/02\/wp-image-1909157214jpg.jpg\"><img decoding=\"async\" loading=\"lazy\" class=\"wp-image-82 alignnone \" src=\"http:\/\/lkg-klaffenbach.de\/wp-content\/uploads\/2017\/02\/wp-image-1909157214jpg.jpg\" alt=\"\" width=\"647\" height=\"363\" srcset=\"https:\/\/lkg-klaffenbach.de\/wp-content\/uploads\/2017\/02\/wp-image-1909157214jpg.jpg 2000w, https:\/\/lkg-klaffenbach.de\/wp-content\/uploads\/2017\/02\/wp-image-1909157214jpg-300x168.jpg 300w, https:\/\/lkg-klaffenbach.de\/wp-content\/uploads\/2017\/02\/wp-image-1909157214jpg-768x431.jpg 768w, https:\/\/lkg-klaffenbach.de\/wp-content\/uploads\/2017\/02\/wp-image-1909157214jpg-1024x575.jpg 1024w, https:\/\/lkg-klaffenbach.de\/wp-content\/uploads\/2017\/02\/wp-image-1909157214jpg-1200x674.jpg 1200w\" sizes=\"(max-width: 647px) 100vw, 647px\" \/><\/a><\/p>\n<p>Das Jugendzimmer &#8211; auch f\u00fcr die Kinderstunde<\/p>\n<p><img decoding=\"async\" loading=\"lazy\" class=\"alignnone size-full wp-image-21\" src=\"http:\/\/lkg-klaffenbach.de\/wp-content\/uploads\/2017\/02\/jugendz.jpg\" alt=\"\" width=\"640\" height=\"480\" srcset=\"https:\/\/lkg-klaffenbach.de\/wp-content\/uploads\/2017\/02\/jugendz.jpg 640w, https:\/\/lkg-klaffenbach.de\/wp-content\/uploads\/2017\/02\/jugendz-300x225.jpg 300w\" sizes=\"(max-width: 640px) 100vw, 640px\" \/><\/p>\n<p>Die K\u00fcche<\/p>\n<p><img decoding=\"async\" loading=\"lazy\" class=\"alignnone size-full wp-image-20\" src=\"http:\/\/lkg-klaffenbach.de\/wp-content\/uploads\/2017\/02\/kueche.jpg\" alt=\"\" width=\"640\" height=\"480\" srcset=\"https:\/\/lkg-klaffenbach.de\/wp-content\/uploads\/2017\/02\/kueche.jpg 640w, https:\/\/lkg-klaffenbach.de\/wp-content\/uploads\/2017\/02\/kueche-300x225.jpg 300w\" sizes=\"(max-width: 640px) 100vw, 640px\" \/><\/p>\n","protected":false},"excerpt":{"rendered":"<p>Adresse Landerskirchliche Gemeinschaft e. V. Klaffenbach Klaffenbacher Hauptra\u00dfe 89 09123 Chemnitz Unsere Gemeinde Unsere landeskirchliche Gemeinschaft liegt in der Mitte Klaffenbachs auf einem H\u00fcgel. Fast jeden Sonntag findet dort unsere Gemeinschaftsstunde statt aber auch die EC-Jugend hat dort ihr Zuhause. Jede Woche kommen ungef\u00e4hr 30 Leute in unsere Gemeinschaft. H\u00e4ufig h\u00e4lt uns ein angereister Prediger &hellip; <\/p>\n<p class=\"link-more\"><a href=\"https:\/\/lkg-klaffenbach.de\/?page_id=18\" class=\"more-link\"><span class=\"screen-reader-text\">\u201eUnsere Gemeinde\u201c<\/span> weiterlesen<\/a><\/p>\n","protected":false},"author":1,"featured_media":0,"parent":0,"menu_order":0,"comment_status":"closed","ping_status":"closed","template":"","meta":{"footnotes":""},"acf":[],"_links":{"self":[{"href":"https:\/\/lkg-klaffenbach.de\/index.php?rest_route=\/wp\/v2\/pages\/18"}],"collection":[{"href":"https:\/\/lkg-klaffenbach.de\/index.php?rest_route=\/wp\/v2\/pages"}],"about":[{"href":"https:\/\/lkg-klaffenbach.de\/index.php?rest_route=\/wp\/v2\/types\/page"}],"author":[{"embeddable":true,"href":"https:\/\/lkg-klaffenbach.de\/index.php?rest_route=\/wp\/v2\/users\/1"}],"replies":[{"embeddable":true,"href":"https:\/\/lkg-klaffenbach.de\/index.php?rest_route=%2Fwp%2Fv2%2Fcomments&post=18"}],"version-history":[{"count":5,"href":"https:\/\/lkg-klaffenbach.de\/index.php?rest_route=\/wp\/v2\/pages\/18\/revisions"}],"predecessor-version":[{"id":601,"href":"https:\/\/lkg-klaffenbach.de\/index.php?rest_route=\/wp\/v2\/pages\/18\/revisions\/601"}],"wp:attachment":[{"href":"https:\/\/lkg-klaffenbach.de\/index.php?rest_route=%2Fwp%2Fv2%2Fmedia&parent=18"}],"curies":[{"name":"wp","href":"https:\/\/api.w.org\/{rel}","templated":true}]}}