{"id":152,"date":"2018-06-24T19:41:00","date_gmt":"2018-06-24T17:41:00","guid":{"rendered":"http:\/\/lkg-klaffenbach.de\/?page_id=152"},"modified":"2018-06-24T19:41:00","modified_gmt":"2018-06-24T17:41:00","slug":"datenschutzerklaerung","status":"publish","type":"page","link":"https:\/\/lkg-klaffenbach.de\/?page_id=152","title":{"rendered":"Datenschutzerkl\u00e4rung"},"content":{"rendered":"<p>Die Landeskirchliche Gemeinschaft e. V. Klaffenbach (Betreiber) ist um einen Schutz der Daten aller Nutzer bem\u00fcht, die seine Webseiten bzw. Internetangebote nutzen. Bitte sehen Sie sich die nachfolgenden Datenschutzhinweise sorgf\u00e4ltig durch. Die Verarbeitung personenbezogener Daten einer betroffenen Person, erfolgt stets im Einklang mit der Datenschutz-Grundverordnung. Mittels dieser Datenschutzerkl\u00e4rung m\u00f6chte unser\u00a0Verein die \u00d6ffentlichkeit \u00fcber Art, Umfang und Zweck der von uns erhobenen, genutzten und verarbeiteten personenbezogenen Daten informieren. Ferner werden betroffene Personen mittels dieser Datenschutzerkl\u00e4rung \u00fcber die ihnen zustehenden Rechte aufgekl\u00e4rt.<\/p>\n<p>Datenerhebung<\/p>\n<p>Die Nutzung der Webseiten des Betreibers ist in der Regel ohne Angabe personenbezogener Daten (beispielsweise Name, Anschrift, Geburtsdatum, Telefonnummer, Telefaxnummer oder E-Mail-Adresse) m\u00f6glich. Sofern eine betroffene Person besondere Services unseres\u00a0Vereins \u00fcber unsere Internetseite in Anspruch nehmen m\u00f6chte, k\u00f6nnte jedoch eine Verarbeitung personenbezogener Daten erforderlich werden. Ist die Verarbeitung personenbezogener Daten erforderlich und besteht f\u00fcr eine solche Verarbeitung keine gesetzliche Grundlage, holen wir eine Einwilligung der betroffenen Person ein. Wir haben unseren Hostserver auf vollst\u00e4ndige Anonymisierung eingestellt und erstellen keine statischen Auswertungen \u00fcber unsere Homepagebesucher.<\/p>\n<p>&nbsp;<\/p>\n<p>Datennutzung<\/p>\n<p>Personenbezogene Daten werden vom Betreiber grunds\u00e4tzlich nur dann erhoben und gespeichert, wenn Sie ihm diese Daten mit Ihrer Zustimmung zur Verf\u00fcgung stellen, um seine Angebote zu nutzen. Ihre Angaben werden ausschlie\u00dflich f\u00fcr die Abwicklung des jeweiligen Zweckes, zu dem Sie die Daten dem Betreiber mitgeteilt haben, verwendet. Beispielsweise werden Ihre Daten ben\u00f6tigt, um Ihre Anfrage zu beantworten, zur Entgegennahme von Spenden oder Anmeldungen oder wenn Sie Publikationen abonnieren m\u00f6chten.<\/p>\n<p>Datenweitergabe<\/p>\n<p>Ihre Daten werden ohne Ihre ausdr\u00fcckliche Zustimmung nicht an Dritte weitergegeben. Beteiligte Kreditinstitute erhalten Ihre Daten nur, soweit es f\u00fcr die Durchf\u00fchrung des Spendeneinzuges erforderlich ist. Die durch den Betreiber erhobenen Daten d\u00fcrfen allenfalls an beauftragte Dritte zur Erf\u00fcllung bestehender Vertr\u00e4ge mit dem Nutzer herausgegeben werden. In diesem Fall wird dem Dritten jedoch jegliche Speicherung und Nutzung der Daten au\u00dferhalb des konkreten Vertragszwecks ausdr\u00fccklich untersagt. Die Betreiber der Seiten behalten sich ausdr\u00fccklich rechtliche Schritte im Falle der unverlangten Zusendung von Werbeinformationen, etwa durch Spam-Mails, vor.<br \/>\nEs kann vorkommen, dass innerhalb dieses Onlineangebotes Inhalte Dritter, wie zum Beispiel Videos von YouTube, Kartenmaterial von Google-Maps, RSS-Feeds oder Grafiken von anderen Webseiten eingebunden werden. Dies setzt immer voraus, dass die Anbieter dieser Inhalte die IP-Adresse der Nutzer wahrnehmen. Denn ohne die IP-Adresse, k\u00f6nnten sie die Inhalte nicht an den Browser des jeweiligen Nutzers senden. Die IP-Adresse ist damit f\u00fcr die Darstellung dieser Inhalte erforderlich. Wir bem\u00fchen uns nur solche Inhalte zu verwenden, deren jeweilige Anbieter die IP-Adresse lediglich zur Auslieferung der Inhalte verwenden. Jedoch haben wir keinen Einfluss darauf, falls die Dritt-Anbieter die IP-Adresse z.B. f\u00fcr statistische Zwecke speichern. Soweit dies uns bekannt ist, kl\u00e4ren wir die Nutzer dar\u00fcber auf.<\/p>\n<p>Datenschutzerkl\u00e4rung bei Nutzung von Google Maps<\/p>\n<p>Wir nutzen auf unserer Website das Angebot von Google Maps. Dadurch k\u00f6nnen wir Ihnen interaktive Karten direkt auf unserer Website anzeigen und erm\u00f6glichen Ihnen die komfortable Nutzung der Karten-Funktion. Durch die Nutzung von Google Maps werden Daten an Google in die USA \u00fcbermittelt, u.a. Ihre IP-Adresse.<br \/>\nSie k\u00f6nnen die \u00dcbermittlung der Daten an Google verhindern, indem Sie in Ihren Browsereinstellungen JavaScript deaktivieren. In diesem Fall k\u00f6nnen Sie Google Maps auf unserer Website jedoch nicht nutzen.<br \/>\nRechtsgrundlage f\u00fcr die Verarbeitung Ihrer Daten ist Art. 6 Abs. 1 lit. f DS-GVO. Google nimmt an dem EU-US Privacy Shield teil: <a href=\"http:\/\/www.privacyshield.gov\/EU-US-Framework\"><strong>www.privacyshield.gov\/EU-US-Framework<\/strong><\/a><\/p>\n<p>Informationen \u00fcber Google:<br \/>\nGoogle Inc., 1600 Amphitheater Parkway, Mountainview, California 94043, USA<br \/>\nN\u00e4here Informationen zu den Nutzungsbedingungen von Google:<br \/>\n<a href=\"http:\/\/www.google.com\/analytics\/terms\/de.html\"><strong>www.google.com\/analytics\/terms\/de.html<\/strong><\/a><\/p>\n<p>N\u00e4here Informationen zum Datenschutz von Google:<br \/>\n<a href=\"http:\/\/www.google.com\/intl\/de\/analytics\/privacyoverview.html\"><strong>www.google.com\/intl\/de\/analytics\/privacyoverview.html<\/strong><\/a><\/p>\n<p>N\u00e4here Informationen zu den Nutzungsbedingungen von Google Maps:<br \/>\n<a href=\"http:\/\/www.google.com\/intl\/de_US\/help\/terms_maps.html\"><strong>www.google.com\/intl\/de_US\/help\/terms_maps.html<\/strong><\/a><\/p>\n<p>Daten\u00fcbertragung im Internet<\/p>\n<p>Wir weisen darauf hin, dass die Daten\u00fcbertragung im Internet (z.B. bei der Kommunikation per E-Mail) Sicherheitsl\u00fccken aufweisen kann. Ein l\u00fcckenloser Schutz der Daten vor dem Zugriff durch Dritte ist nicht m\u00f6glich. Insbesondere bei einer Kommunikation \u00fcber E-Mail ist nicht in jedem Fall auszuschlie\u00dfen, dass Dritte unbefugt Kenntnis von \u00fcbersendeten Inhalten nehmen. Soweit Sie mit dem Betreiber der Webseiten \u00fcber E-Mail Kontakt aufnehmen, tun Sie dies auf eigenes Risiko. Der Betreiber geht in diesem Fall zugleich davon aus, dass er befugt ist, Ihnen per E-Mail zu antworten. Andernfalls werden Sie gebeten, dem Betreiber einen anderen Kommunikationsweg verbindlich zu benennen.<\/p>\n","protected":false},"excerpt":{"rendered":"<p>Die Landeskirchliche Gemeinschaft e. V. Klaffenbach (Betreiber) ist um einen Schutz der Daten aller Nutzer bem\u00fcht, die seine Webseiten bzw. Internetangebote nutzen. Bitte sehen Sie sich die nachfolgenden Datenschutzhinweise sorgf\u00e4ltig durch. Die Verarbeitung personenbezogener Daten einer betroffenen Person, erfolgt stets im Einklang mit der Datenschutz-Grundverordnung. Mittels dieser Datenschutzerkl\u00e4rung m\u00f6chte unser\u00a0Verein die \u00d6ffentlichkeit \u00fcber Art, Umfang &hellip; <\/p>\n<p class=\"link-more\"><a href=\"https:\/\/lkg-klaffenbach.de\/?page_id=152\" class=\"more-link\"><span class=\"screen-reader-text\">\u201eDatenschutzerkl\u00e4rung\u201c<\/span> weiterlesen<\/a><\/p>\n","protected":false},"author":1,"featured_media":0,"parent":0,"menu_order":0,"comment_status":"closed","ping_status":"closed","template":"","meta":{"footnotes":""},"acf":[],"_links":{"self":[{"href":"https:\/\/lkg-klaffenbach.de\/index.php?rest_route=\/wp\/v2\/pages\/152"}],"collection":[{"href":"https:\/\/lkg-klaffenbach.de\/index.php?rest_route=\/wp\/v2\/pages"}],"about":[{"href":"https:\/\/lkg-klaffenbach.de\/index.php?rest_route=\/wp\/v2\/types\/page"}],"author":[{"embeddable":true,"href":"https:\/\/lkg-klaffenbach.de\/index.php?rest_route=\/wp\/v2\/users\/1"}],"replies":[{"embeddable":true,"href":"https:\/\/lkg-klaffenbach.de\/index.php?rest_route=%2Fwp%2Fv2%2Fcomments&post=152"}],"version-history":[{"count":1,"href":"https:\/\/lkg-klaffenbach.de\/index.php?rest_route=\/wp\/v2\/pages\/152\/revisions"}],"predecessor-version":[{"id":153,"href":"https:\/\/lkg-klaffenbach.de\/index.php?rest_route=\/wp\/v2\/pages\/152\/revisions\/153"}],"wp:attachment":[{"href":"https:\/\/lkg-klaffenbach.de\/index.php?rest_route=%2Fwp%2Fv2%2Fmedia&parent=152"}],"curies":[{"name":"wp","href":"https:\/\/api.w.org\/{rel}","templated":true}]}}